{"id":1188,"date":"2022-03-28T11:57:30","date_gmt":"2022-03-28T11:57:30","guid":{"rendered":"https:\/\/vivesanlucardebarrameda.es\/?page_id=1188"},"modified":"2022-05-31T05:46:25","modified_gmt":"2022-05-31T05:46:25","slug":"servicios","status":"publish","type":"page","link":"https:\/\/vivesanlucardebarrameda.es\/en\/servicios\/","title":{"rendered":"Servicios"},"content":{"rendered":"\t\t<div data-elementor-type=\"wp-page\" data-elementor-id=\"1188\" class=\"elementor elementor-1188\">\n\t\t\t\t\t\t<section class=\"elementor-section elementor-top-section elementor-element elementor-element-96231ca elementor-section-boxed elementor-section-height-default elementor-section-height-default\" data-id=\"96231ca\" data-element_type=\"section\">\n\t\t\t\t\t\t<div class=\"elementor-container elementor-column-gap-default\">\n\t\t\t\t\t<div class=\"elementor-column elementor-col-100 elementor-top-column elementor-element elementor-element-35bc91a\" data-id=\"35bc91a\" data-element_type=\"column\">\n\t\t\t<div class=\"elementor-widget-wrap elementor-element-populated\">\n\t\t\t\t\t\t<div class=\"elementor-element elementor-element-cf8eeed elementor-widget elementor-widget-shortcode\" data-id=\"cf8eeed\" data-element_type=\"widget\" data-widget_type=\"shortcode.default\">\n\t\t\t\t<div class=\"elementor-widget-container\">\n\t\t\t\t\t<div class=\"elementor-shortcode\"><div class=\"listado-filtros-ser\"><div class=\"subtitulo\">\n                                <p>Busca por letra y\/o categor\u00eda<\/p>\n                            <\/div><ul class=\"aToZ-list\"><li class=\"aToZ-el\"><a href=\"javascript:void(0);\"  data-alpha=\"A\"  title=\"Go to A\">A<\/a><\/li><li class=\"aToZ-el\"><a href=\"javascript:void(0);\"  data-alpha=\"B\"  title=\"Go to B\">B<\/a><\/li><li class=\"aToZ-el\"><a href=\"javascript:void(0);\"  data-alpha=\"C\"  title=\"Go to C\">C<\/a><\/li><li class=\"aToZ-el\"><a href=\"javascript:void(0);\"  data-alpha=\"D\"  title=\"Go to D\">D<\/a><\/li><li class=\"aToZ-el\"><a href=\"javascript:void(0);\"  data-alpha=\"E\"  title=\"Go to E\">E<\/a><\/li><li class=\"aToZ-el\"><a href=\"javascript:void(0);\"  data-alpha=\"F\"  title=\"Go to F\">F<\/a><\/li><li class=\"aToZ-el\"><a href=\"javascript:void(0);\"  data-alpha=\"G\"  title=\"Go to G\">G<\/a><\/li><li class=\"aToZ-el\"><a href=\"javascript:void(0);\"  data-alpha=\"H\"  title=\"Go to H\">H<\/a><\/li><li class=\"aToZ-el\"><a href=\"javascript:void(0);\"  data-alpha=\"I\"  title=\"Go to I\">I<\/a><\/li><li class=\"aToZ-el\"><a href=\"javascript:void(0);\"  data-alpha=\"J\"  title=\"Go to J\">J<\/a><\/li><li class=\"aToZ-el\"><a href=\"javascript:void(0);\"  data-alpha=\"K\"  title=\"Go to K\">K<\/a><\/li><li class=\"aToZ-el\"><a href=\"javascript:void(0);\"  data-alpha=\"L\"  title=\"Go to L\">L<\/a><\/li><li class=\"aToZ-el\"><a href=\"javascript:void(0);\"  data-alpha=\"M\"  title=\"Go to M\">M<\/a><\/li><li class=\"aToZ-el\"><a href=\"javascript:void(0);\"  data-alpha=\"N\"  title=\"Go to N\">N<\/a><\/li><li class=\"aToZ-el\"><a href=\"javascript:void(0);\"  data-alpha=\"O\"  title=\"Go to O\">O<\/a><\/li><li class=\"aToZ-el\"><a href=\"javascript:void(0);\"  data-alpha=\"P\"  title=\"Go to P\">P<\/a><\/li><li class=\"aToZ-el\"><a href=\"javascript:void(0);\"  data-alpha=\"Q\"  title=\"Go to Q\">Q<\/a><\/li><li class=\"aToZ-el\"><a href=\"javascript:void(0);\"  data-alpha=\"R\"  title=\"Go to R\">R<\/a><\/li><li class=\"aToZ-el\"><a href=\"javascript:void(0);\"  data-alpha=\"S\"  title=\"Go to S\">S<\/a><\/li><li class=\"aToZ-el\"><a href=\"javascript:void(0);\"  data-alpha=\"T\"  title=\"Go to T\">T<\/a><\/li><li class=\"aToZ-el\"><a href=\"javascript:void(0);\"  data-alpha=\"U\"  title=\"Go to U\">U<\/a><\/li><li class=\"aToZ-el\"><a href=\"javascript:void(0);\"  data-alpha=\"V\"  title=\"Go to V\">V<\/a><\/li><li class=\"aToZ-el\"><a href=\"javascript:void(0);\"  data-alpha=\"W\"  title=\"Go to W\">W<\/a><\/li><li class=\"aToZ-el\"><a href=\"javascript:void(0);\"  data-alpha=\"X\"  title=\"Go to X\">X<\/a><\/li><li class=\"aToZ-el\"><a href=\"javascript:void(0);\"  data-alpha=\"Y\"  title=\"Go to Y\">Y<\/a><\/li><li class=\"aToZ-el\"><a href=\"javascript:void(0);\"  data-alpha=\"Z\"  title=\"Go to Z\">Z<\/a><\/li><\/ul><\/div><\/div>\n\t\t\t\t<\/div>\n\t\t\t\t<\/div>\n\t\t\t\t\t<\/div>\n\t\t<\/div>\n\t\t\t\t\t<\/div>\n\t\t<\/section>\n\t\t\t\t<section class=\"elementor-section elementor-top-section elementor-element elementor-element-63ae6a8 elementor-section-boxed elementor-section-height-default elementor-section-height-default\" data-id=\"63ae6a8\" data-element_type=\"section\">\n\t\t\t\t\t\t<div class=\"elementor-container elementor-column-gap-default\">\n\t\t\t\t\t<div class=\"elementor-column elementor-col-33 elementor-top-column elementor-element elementor-element-e6cfe2d\" data-id=\"e6cfe2d\" data-element_type=\"column\" data-settings=\"{&quot;background_background&quot;:&quot;classic&quot;}\">\n\t\t\t<div class=\"elementor-widget-wrap elementor-element-populated\">\n\t\t\t\t\t\t<div class=\"elementor-element elementor-element-a7ed1a4 elementor-widget elementor-widget-heading\" data-id=\"a7ed1a4\" data-element_type=\"widget\" data-widget_type=\"heading.default\">\n\t\t\t\t<div class=\"elementor-widget-container\">\n\t\t\t<h2 class=\"elementor-heading-title elementor-size-default\">Categor\u00edas<\/h2>\t\t<\/div>\n\t\t\t\t<\/div>\n\t\t\t\t<div class=\"elementor-element elementor-element-8c93ad9 elementor-widget elementor-widget-shortcode\" data-id=\"8c93ad9\" data-element_type=\"widget\" data-widget_type=\"shortcode.default\">\n\t\t\t\t<div class=\"elementor-widget-container\">\n\t\t\t\t\t<div class=\"elementor-shortcode\"><div class=\"service-directory\"><ul><li><a data-id=\"84\" href=\"javascript:void(0);\">PETS<\/a><\/li><li><a data-id=\"86\" href=\"javascript:void(0);\">EVENT MANAGEMENT<\/a><\/li><\/ul>\n\t<\/div><\/div>\n\t\t\t\t<\/div>\n\t\t\t\t<\/div>\n\t\t\t\t\t<\/div>\n\t\t<\/div>\n\t\t\t\t<div class=\"elementor-column elementor-col-66 elementor-top-column elementor-element elementor-element-0311a25\" data-id=\"0311a25\" data-element_type=\"column\">\n\t\t\t<div class=\"elementor-widget-wrap elementor-element-populated\">\n\t\t\t\t\t\t<div class=\"elementor-element elementor-element-3331cb7 elementor-widget elementor-widget-shortcode\" data-id=\"3331cb7\" data-element_type=\"widget\" data-widget_type=\"shortcode.default\">\n\t\t\t\t<div class=\"elementor-widget-container\">\n\t\t\t\t\t<div class=\"elementor-shortcode\"><div class=\"listado-container\">\n  <div class=\"listado-items\"><div class=\"item textalign--center anima__slideup visible\" data-appear-top-offset=\"1200\">\n      <div class=\"fila fila--100\">\n        <div class=\"fila__imagen\"><a href=\"https:\/\/vivesanlucardebarrameda.es\/en\/service\/4patas_peluqueria\/\"><img decoding=\"async\" width=\"155\" height=\"88\" src=\"https:\/\/vivesanlucardebarrameda.es\/wp-content\/uploads\/2022\/05\/logo155-1.jpg\" class=\"destacado-imagen wp-post-image\" alt=\"\"><\/a> <\/div>\n      <\/div>\n      <div class=\"fila fila--100 fila__titulo\">\n        <h2><a href=\"https:\/\/vivesanlucardebarrameda.es\/en\/service\/4patas_peluqueria\/\"><img decoding=\"async\" src=\"https:\/\/vivesanlucardebarrameda.es\/wp-content\/themes\/hello-elementor-child\/assets\/images\/icono-ver.svg\" width=\"19\" height=\"16\" border=\"0\">4 PATAS HAIRDRESSER<\/a><\/h2>\n      <\/div>\n    <\/div><div class=\"item textalign--center anima__slideup visible\" data-appear-top-offset=\"1200\">\n      <div class=\"fila fila--100\">\n        <div class=\"fila__imagen\"><a href=\"https:\/\/vivesanlucardebarrameda.es\/en\/service\/cohaesio_eventos\/\"><img decoding=\"async\" width=\"155\" height=\"88\" src=\"https:\/\/vivesanlucardebarrameda.es\/wp-content\/uploads\/2022\/03\/logo155-1.jpg\" class=\"destacado-imagen wp-post-image\" alt=\"\"><\/a> <\/div>\n      <\/div>\n      <div class=\"fila fila--100 fila__titulo\">\n        <h2><a href=\"https:\/\/vivesanlucardebarrameda.es\/en\/service\/cohaesio_eventos\/\"><img decoding=\"async\" src=\"https:\/\/vivesanlucardebarrameda.es\/wp-content\/themes\/hello-elementor-child\/assets\/images\/icono-ver.svg\" width=\"19\" height=\"16\" border=\"0\">COHAESIO EVENTS<\/a><\/h2>\n      <\/div>\n    <\/div><div class=\"item textalign--center anima__slideup visible\" data-appear-top-offset=\"1200\">\n      <div class=\"fila fila--100\">\n        <div class=\"fila__imagen\"><a href=\"https:\/\/vivesanlucardebarrameda.es\/en\/service\/4patas_training\/\"><img decoding=\"async\" width=\"155\" height=\"88\" src=\"https:\/\/vivesanlucardebarrameda.es\/wp-content\/uploads\/2022\/05\/logo155-1.jpg\" class=\"destacado-imagen wp-post-image\" alt=\"\"><\/a> <\/div>\n      <\/div>\n      <div class=\"fila fila--100 fila__titulo\">\n        <h2><a href=\"https:\/\/vivesanlucardebarrameda.es\/en\/service\/4patas_training\/\"><img decoding=\"async\" src=\"https:\/\/vivesanlucardebarrameda.es\/wp-content\/themes\/hello-elementor-child\/assets\/images\/icono-ver.svg\" width=\"19\" height=\"16\" border=\"0\">4 PATAS TRAINING<\/a><\/h2>\n      <\/div>\n    <\/div><\/div>\n  <div class=\"paginacion paginacion--mas centrado\"> <\/div>\n<\/div><\/div>\n\t\t\t\t<\/div>\n\t\t\t\t<\/div>\n\t\t\t\t\t<\/div>\n\t\t<\/div>\n\t\t\t\t\t<\/div>\n\t\t<\/section>\n\t\t\t\t<\/div>\n\t\t","protected":false},"excerpt":{"rendered":"<p>Categor\u00edas<\/p>\n","protected":false},"author":1,"featured_media":0,"parent":0,"menu_order":0,"comment_status":"closed","ping_status":"closed","template":"elementor_header_footer","meta":{"_acf_changed":false,"footnotes":""},"class_list":["post-1188","page","type-page","status-publish","hentry"],"acf":[],"yoast_head":"<!-- This site is optimized with the Yoast SEO plugin v22.6 - https:\/\/yoast.com\/wordpress\/plugins\/seo\/ -->\n<title>Servicios \u2013 Comercio Sanl\u00facar de Barrameda<\/title>\n<meta name=\"description\" content=\"En Comercio Sanl\u00facar de Barrameda podr\u00e1 recibir los mejores servicios, como m\u00e9dicos, estilistas, peluqueros, asesores, catering, etc.\" \/>\n<meta name=\"robots\" content=\"index, follow, max-snippet:-1, max-image-preview:large, max-video-preview:-1\" \/>\n<link rel=\"canonical\" href=\"https:\/\/vivesanlucardebarrameda.es\/en\/servicios\/\" \/>\n<meta property=\"og:locale\" content=\"en_US\" \/>\n<meta property=\"og:type\" content=\"article\" \/>\n<meta property=\"og:title\" content=\"Servicios \u2013 Comercio Sanl\u00facar de Barrameda\" \/>\n<meta property=\"og:description\" content=\"En Comercio Sanl\u00facar de Barrameda podr\u00e1 recibir los mejores servicios, como m\u00e9dicos, estilistas, peluqueros, asesores, catering, etc.\" \/>\n<meta property=\"og:url\" content=\"https:\/\/vivesanlucardebarrameda.es\/en\/servicios\/\" \/>\n<meta property=\"og:site_name\" content=\"VIVE Sanl\u00facar de Barrameda\" \/>\n<meta property=\"article:modified_time\" content=\"2022-05-31T05:46:25+00:00\" \/>\n<meta name=\"twitter:card\" content=\"summary_large_image\" \/>\n<script type=\"application\/ld+json\" class=\"yoast-schema-graph\">{\"@context\":\"https:\/\/schema.org\",\"@graph\":[{\"@type\":\"WebPage\",\"@id\":\"https:\/\/vivesanlucardebarrameda.es\/en\/servicios\/\",\"url\":\"https:\/\/vivesanlucardebarrameda.es\/en\/servicios\/\",\"name\":\"Servicios \u2013 Comercio Sanl\u00facar de Barrameda\",\"isPartOf\":{\"@id\":\"https:\/\/vivesanlucardebarrameda.es\/#website\"},\"datePublished\":\"2022-03-28T11:57:30+00:00\",\"dateModified\":\"2022-05-31T05:46:25+00:00\",\"description\":\"En Comercio Sanl\u00facar de Barrameda podr\u00e1 recibir los mejores servicios, como m\u00e9dicos, estilistas, peluqueros, asesores, catering, etc.\",\"breadcrumb\":{\"@id\":\"https:\/\/vivesanlucardebarrameda.es\/en\/servicios\/#breadcrumb\"},\"inLanguage\":\"en-US\",\"potentialAction\":[{\"@type\":\"ReadAction\",\"target\":[\"https:\/\/vivesanlucardebarrameda.es\/en\/servicios\/\"]}]},{\"@type\":\"BreadcrumbList\",\"@id\":\"https:\/\/vivesanlucardebarrameda.es\/en\/servicios\/#breadcrumb\",\"itemListElement\":[{\"@type\":\"ListItem\",\"position\":1,\"name\":\"Portada\",\"item\":\"https:\/\/vivesanlucardebarrameda.es\/en\/\"},{\"@type\":\"ListItem\",\"position\":2,\"name\":\"Servicios\"}]},{\"@type\":\"WebSite\",\"@id\":\"https:\/\/vivesanlucardebarrameda.es\/#website\",\"url\":\"https:\/\/vivesanlucardebarrameda.es\/\",\"name\":\"VIVE Sanl\u00facar de Barrameda\",\"description\":\"Restaurantes, eventos, ...\",\"publisher\":{\"@id\":\"https:\/\/vivesanlucardebarrameda.es\/#organization\"},\"potentialAction\":[{\"@type\":\"SearchAction\",\"target\":{\"@type\":\"EntryPoint\",\"urlTemplate\":\"https:\/\/vivesanlucardebarrameda.es\/?s={search_term_string}\"},\"query-input\":\"required name=search_term_string\"}],\"inLanguage\":\"en-US\"},{\"@type\":\"Organization\",\"@id\":\"https:\/\/vivesanlucardebarrameda.es\/#organization\",\"name\":\"VIVE Sanl\u00facar de Barrameda\",\"url\":\"https:\/\/vivesanlucardebarrameda.es\/\",\"logo\":{\"@type\":\"ImageObject\",\"inLanguage\":\"en-US\",\"@id\":\"https:\/\/vivesanlucardebarrameda.es\/#\/schema\/logo\/image\/\",\"url\":\"https:\/\/vivesanlucardebarrameda.es\/wp-content\/uploads\/2023\/02\/cropped-logo_header.jpg\",\"contentUrl\":\"https:\/\/vivesanlucardebarrameda.es\/wp-content\/uploads\/2023\/02\/cropped-logo_header.jpg\",\"width\":534,\"height\":482,\"caption\":\"VIVE Sanl\u00facar de Barrameda\"},\"image\":{\"@id\":\"https:\/\/vivesanlucardebarrameda.es\/#\/schema\/logo\/image\/\"}}]}<\/script>\n<!-- \/ Yoast SEO plugin. -->","yoast_head_json":{"title":"Servicios \u2013 Comercio Sanl\u00facar de Barrameda","description":"En Comercio Sanl\u00facar de Barrameda podr\u00e1 recibir los mejores servicios, como m\u00e9dicos, estilistas, peluqueros, asesores, catering, etc.","robots":{"index":"index","follow":"follow","max-snippet":"max-snippet:-1","max-image-preview":"max-image-preview:large","max-video-preview":"max-video-preview:-1"},"canonical":"https:\/\/vivesanlucardebarrameda.es\/en\/servicios\/","og_locale":"en_US","og_type":"article","og_title":"Servicios \u2013 Comercio Sanl\u00facar de Barrameda","og_description":"En Comercio Sanl\u00facar de Barrameda podr\u00e1 recibir los mejores servicios, como m\u00e9dicos, estilistas, peluqueros, asesores, catering, etc.","og_url":"https:\/\/vivesanlucardebarrameda.es\/en\/servicios\/","og_site_name":"VIVE Sanl\u00facar de Barrameda","article_modified_time":"2022-05-31T05:46:25+00:00","twitter_card":"summary_large_image","schema":{"@context":"https:\/\/schema.org","@graph":[{"@type":"WebPage","@id":"https:\/\/vivesanlucardebarrameda.es\/en\/servicios\/","url":"https:\/\/vivesanlucardebarrameda.es\/en\/servicios\/","name":"Servicios \u2013 Comercio Sanl\u00facar de Barrameda","isPartOf":{"@id":"https:\/\/vivesanlucardebarrameda.es\/#website"},"datePublished":"2022-03-28T11:57:30+00:00","dateModified":"2022-05-31T05:46:25+00:00","description":"En Comercio Sanl\u00facar de Barrameda podr\u00e1 recibir los mejores servicios, como m\u00e9dicos, estilistas, peluqueros, asesores, catering, etc.","breadcrumb":{"@id":"https:\/\/vivesanlucardebarrameda.es\/en\/servicios\/#breadcrumb"},"inLanguage":"en-US","potentialAction":[{"@type":"ReadAction","target":["https:\/\/vivesanlucardebarrameda.es\/en\/servicios\/"]}]},{"@type":"BreadcrumbList","@id":"https:\/\/vivesanlucardebarrameda.es\/en\/servicios\/#breadcrumb","itemListElement":[{"@type":"ListItem","position":1,"name":"Portada","item":"https:\/\/vivesanlucardebarrameda.es\/en\/"},{"@type":"ListItem","position":2,"name":"Servicios"}]},{"@type":"WebSite","@id":"https:\/\/vivesanlucardebarrameda.es\/#website","url":"https:\/\/vivesanlucardebarrameda.es\/","name":"VIVE Sanl\u00facar de Barrameda","description":"Restaurantes, eventos, ...","publisher":{"@id":"https:\/\/vivesanlucardebarrameda.es\/#organization"},"potentialAction":[{"@type":"SearchAction","target":{"@type":"EntryPoint","urlTemplate":"https:\/\/vivesanlucardebarrameda.es\/?s={search_term_string}"},"query-input":"required name=search_term_string"}],"inLanguage":"en-US"},{"@type":"Organization","@id":"https:\/\/vivesanlucardebarrameda.es\/#organization","name":"VIVE Sanl\u00facar de Barrameda","url":"https:\/\/vivesanlucardebarrameda.es\/","logo":{"@type":"ImageObject","inLanguage":"en-US","@id":"https:\/\/vivesanlucardebarrameda.es\/#\/schema\/logo\/image\/","url":"https:\/\/vivesanlucardebarrameda.es\/wp-content\/uploads\/2023\/02\/cropped-logo_header.jpg","contentUrl":"https:\/\/vivesanlucardebarrameda.es\/wp-content\/uploads\/2023\/02\/cropped-logo_header.jpg","width":534,"height":482,"caption":"VIVE Sanl\u00facar de Barrameda"},"image":{"@id":"https:\/\/vivesanlucardebarrameda.es\/#\/schema\/logo\/image\/"}}]}},"_links":{"self":[{"href":"https:\/\/vivesanlucardebarrameda.es\/en\/wp-json\/wp\/v2\/pages\/1188","targetHints":{"allow":["GET"]}}],"collection":[{"href":"https:\/\/vivesanlucardebarrameda.es\/en\/wp-json\/wp\/v2\/pages"}],"about":[{"href":"https:\/\/vivesanlucardebarrameda.es\/en\/wp-json\/wp\/v2\/types\/page"}],"author":[{"embeddable":true,"href":"https:\/\/vivesanlucardebarrameda.es\/en\/wp-json\/wp\/v2\/users\/1"}],"replies":[{"embeddable":true,"href":"https:\/\/vivesanlucardebarrameda.es\/en\/wp-json\/wp\/v2\/comments?post=1188"}],"version-history":[{"count":6,"href":"https:\/\/vivesanlucardebarrameda.es\/en\/wp-json\/wp\/v2\/pages\/1188\/revisions"}],"predecessor-version":[{"id":2792,"href":"https:\/\/vivesanlucardebarrameda.es\/en\/wp-json\/wp\/v2\/pages\/1188\/revisions\/2792"}],"wp:attachment":[{"href":"https:\/\/vivesanlucardebarrameda.es\/en\/wp-json\/wp\/v2\/media?parent=1188"}],"curies":[{"name":"wp","href":"https:\/\/api.w.org\/{rel}","templated":true}]}}