{"id":1186,"date":"2022-03-28T11:57:16","date_gmt":"2022-03-28T11:57:16","guid":{"rendered":"https:\/\/vivesanlucardebarrameda.es\/?page_id=1186"},"modified":"2023-05-03T17:37:53","modified_gmt":"2023-05-03T17:37:53","slug":"restaurants","status":"publish","type":"page","link":"https:\/\/vivesanlucardebarrameda.es\/en\/restaurants\/","title":{"rendered":"Restaurantes"},"content":{"rendered":"\t\t<div data-elementor-type=\"wp-page\" data-elementor-id=\"1186\" class=\"elementor elementor-1186\">\n\t\t\t\t\t\t<section class=\"elementor-section elementor-top-section elementor-element elementor-element-b56a020 elementor-section-boxed elementor-section-height-default elementor-section-height-default\" data-id=\"b56a020\" data-element_type=\"section\">\n\t\t\t\t\t\t<div class=\"elementor-container elementor-column-gap-default\">\n\t\t\t\t\t<div class=\"elementor-column elementor-col-100 elementor-top-column elementor-element elementor-element-7a85e16\" data-id=\"7a85e16\" data-element_type=\"column\">\n\t\t\t<div class=\"elementor-widget-wrap elementor-element-populated\">\n\t\t\t\t\t\t<div class=\"elementor-element elementor-element-243009d elementor-widget elementor-widget-shortcode\" data-id=\"243009d\" data-element_type=\"widget\" data-widget_type=\"shortcode.default\">\n\t\t\t\t<div class=\"elementor-widget-container\">\n\t\t\t\t\t<div class=\"elementor-shortcode\"><div class=\"listado-filtros-res\"><div class=\"subtitulo\">\n                                <p>Busca por letra y\/o categor\u00eda<\/p>\n                            <\/div><ul class=\"aToZ-list\"><li class=\"aToZ-el\"><a href=\"javascript:void(0);\"  data-alpha=\"A\"  title=\"Go to A\">A<\/a><\/li><li class=\"aToZ-el\"><a href=\"javascript:void(0);\"  data-alpha=\"B\"  title=\"Go to B\">B<\/a><\/li><li class=\"aToZ-el\"><a href=\"javascript:void(0);\"  data-alpha=\"C\"  title=\"Go to C\">C<\/a><\/li><li class=\"aToZ-el\"><a href=\"javascript:void(0);\"  data-alpha=\"D\"  title=\"Go to D\">D<\/a><\/li><li class=\"aToZ-el\"><a href=\"javascript:void(0);\"  data-alpha=\"E\"  title=\"Go to E\">E<\/a><\/li><li class=\"aToZ-el\"><a href=\"javascript:void(0);\"  data-alpha=\"F\"  title=\"Go to F\">F<\/a><\/li><li class=\"aToZ-el\"><a href=\"javascript:void(0);\"  data-alpha=\"G\"  title=\"Go to G\">G<\/a><\/li><li class=\"aToZ-el\"><a href=\"javascript:void(0);\"  data-alpha=\"H\"  title=\"Go to H\">H<\/a><\/li><li class=\"aToZ-el\"><a href=\"javascript:void(0);\"  data-alpha=\"I\"  title=\"Go to I\">I<\/a><\/li><li class=\"aToZ-el\"><a href=\"javascript:void(0);\"  data-alpha=\"J\"  title=\"Go to J\">J<\/a><\/li><li class=\"aToZ-el\"><a href=\"javascript:void(0);\"  data-alpha=\"K\"  title=\"Go to K\">K<\/a><\/li><li class=\"aToZ-el\"><a href=\"javascript:void(0);\"  data-alpha=\"L\"  title=\"Go to L\">L<\/a><\/li><li class=\"aToZ-el\"><a href=\"javascript:void(0);\"  data-alpha=\"M\"  title=\"Go to M\">M<\/a><\/li><li class=\"aToZ-el\"><a href=\"javascript:void(0);\"  data-alpha=\"N\"  title=\"Go to N\">N<\/a><\/li><li class=\"aToZ-el\"><a href=\"javascript:void(0);\"  data-alpha=\"O\"  title=\"Go to O\">O<\/a><\/li><li class=\"aToZ-el\"><a href=\"javascript:void(0);\"  data-alpha=\"P\"  title=\"Go to P\">P<\/a><\/li><li class=\"aToZ-el\"><a href=\"javascript:void(0);\"  data-alpha=\"Q\"  title=\"Go to Q\">Q<\/a><\/li><li class=\"aToZ-el\"><a href=\"javascript:void(0);\"  data-alpha=\"R\"  title=\"Go to R\">R<\/a><\/li><li class=\"aToZ-el\"><a href=\"javascript:void(0);\"  data-alpha=\"S\"  title=\"Go to S\">S<\/a><\/li><li class=\"aToZ-el\"><a href=\"javascript:void(0);\"  data-alpha=\"T\"  title=\"Go to T\">T<\/a><\/li><li class=\"aToZ-el\"><a href=\"javascript:void(0);\"  data-alpha=\"U\"  title=\"Go to U\">U<\/a><\/li><li class=\"aToZ-el\"><a href=\"javascript:void(0);\"  data-alpha=\"V\"  title=\"Go to V\">V<\/a><\/li><li class=\"aToZ-el\"><a href=\"javascript:void(0);\"  data-alpha=\"W\"  title=\"Go to W\">W<\/a><\/li><li class=\"aToZ-el\"><a href=\"javascript:void(0);\"  data-alpha=\"X\"  title=\"Go to X\">X<\/a><\/li><li class=\"aToZ-el\"><a href=\"javascript:void(0);\"  data-alpha=\"Y\"  title=\"Go to Y\">Y<\/a><\/li><li class=\"aToZ-el\"><a href=\"javascript:void(0);\"  data-alpha=\"Z\"  title=\"Go to Z\">Z<\/a><\/li><\/ul><\/div><\/div>\n\t\t\t\t<\/div>\n\t\t\t\t<\/div>\n\t\t\t\t\t<\/div>\n\t\t<\/div>\n\t\t\t\t\t<\/div>\n\t\t<\/section>\n\t\t\t\t<section class=\"elementor-section elementor-top-section elementor-element elementor-element-1e313ba elementor-section-boxed elementor-section-height-default elementor-section-height-default\" data-id=\"1e313ba\" data-element_type=\"section\">\n\t\t\t\t\t\t<div class=\"elementor-container elementor-column-gap-default\">\n\t\t\t\t\t<div class=\"elementor-column elementor-col-33 elementor-top-column elementor-element elementor-element-a85d60b\" data-id=\"a85d60b\" data-element_type=\"column\" data-settings=\"{&quot;background_background&quot;:&quot;classic&quot;}\">\n\t\t\t<div class=\"elementor-widget-wrap elementor-element-populated\">\n\t\t\t\t\t\t<div class=\"elementor-element elementor-element-096e997 elementor-widget elementor-widget-heading\" data-id=\"096e997\" data-element_type=\"widget\" data-widget_type=\"heading.default\">\n\t\t\t\t<div class=\"elementor-widget-container\">\n\t\t\t<h2 class=\"elementor-heading-title elementor-size-default\">Categor\u00edas<\/h2>\t\t<\/div>\n\t\t\t\t<\/div>\n\t\t\t\t<div class=\"elementor-element elementor-element-b81fb03 elementor-widget elementor-widget-shortcode\" data-id=\"b81fb03\" data-element_type=\"widget\" data-widget_type=\"shortcode.default\">\n\t\t\t\t<div class=\"elementor-widget-container\">\n\t\t\t\t\t<div class=\"elementor-shortcode\"><div class=\"restaurant-directory\"><ul><li><a data-id=\"51\" href=\"javascript:void(0);\">SANL\u00daCAR'S TYPICAL CUISINE<\/a><\/li><li><a data-id=\"79\" href=\"javascript:void(0);\">MANZANILLA WINE BAR<\/a><\/li><li><a data-id=\"53\" href=\"javascript:void(0);\">SIGNATURE CUISINE<\/a><\/li><li><a data-id=\"105\" href=\"javascript:void(0);\">INTERNATIONAL<\/a><\/li><li><a data-id=\"52\" href=\"javascript:void(0);\">DAILY MENUS<\/a><\/li><li><a data-id=\"104\" href=\"javascript:void(0);\">TAKE AWAY<\/a><\/li><li><a data-id=\"54\" href=\"javascript:void(0);\">HOME DELIVERY<\/a><\/li><\/ul>\n\t<\/div><\/div>\n\t\t\t\t<\/div>\n\t\t\t\t<\/div>\n\t\t\t\t\t<\/div>\n\t\t<\/div>\n\t\t\t\t<div class=\"elementor-column elementor-col-66 elementor-top-column elementor-element elementor-element-0fa5717\" data-id=\"0fa5717\" data-element_type=\"column\">\n\t\t\t<div class=\"elementor-widget-wrap elementor-element-populated\">\n\t\t\t\t\t\t<div class=\"elementor-element elementor-element-204f092 elementor-widget elementor-widget-shortcode\" data-id=\"204f092\" data-element_type=\"widget\" data-widget_type=\"shortcode.default\">\n\t\t\t\t<div class=\"elementor-widget-container\">\n\t\t\t\t\t<div class=\"elementor-shortcode\"><div class=\"listado-container\">\n  <div class=\"listado-items\"><div class=\"item textalign--center anima__slideup visible\" data-appear-top-offset=\"1200\">\n      <div class=\"fila fila--100\">\n        <div class=\"fila__imagen\"><a href=\"https:\/\/vivesanlucardebarrameda.es\/en\/restaurant\/la-nina-del-koke\/\"><img decoding=\"async\" width=\"155\" height=\"88\" src=\"https:\/\/vivesanlucardebarrameda.es\/wp-content\/uploads\/2023\/05\/logo_150.jpg\" class=\"destacado-imagen wp-post-image\" alt=\"\"><\/a> <\/div>\n      <\/div>\n      <div class=\"fila fila--100 fila__titulo\">\n        <h2><a href=\"https:\/\/vivesanlucardebarrameda.es\/en\/restaurant\/la-nina-del-koke\/\"><img decoding=\"async\" src=\"https:\/\/vivesanlucardebarrameda.es\/wp-content\/themes\/hello-elementor-child\/assets\/images\/icono-ver.svg\" width=\"19\" height=\"16\" border=\"0\">LA NI\u00d1A DEL KOKE<\/a><\/h2>\n      <\/div>\n    <\/div><div class=\"item textalign--center anima__slideup visible\" data-appear-top-offset=\"1200\">\n      <div class=\"fila fila--100\">\n        <div class=\"fila__imagen\"><a href=\"https:\/\/vivesanlucardebarrameda.es\/en\/restaurant\/la-gula\/\"><img decoding=\"async\" width=\"155\" height=\"88\" src=\"https:\/\/vivesanlucardebarrameda.es\/wp-content\/uploads\/2023\/02\/logo_150-1.jpg\" class=\"destacado-imagen wp-post-image\" alt=\"\"><\/a> <\/div>\n      <\/div>\n      <div class=\"fila fila--100 fila__titulo\">\n        <h2><a href=\"https:\/\/vivesanlucardebarrameda.es\/en\/restaurant\/la-gula\/\"><img decoding=\"async\" src=\"https:\/\/vivesanlucardebarrameda.es\/wp-content\/themes\/hello-elementor-child\/assets\/images\/icono-ver.svg\" width=\"19\" height=\"16\" border=\"0\">LA GULA<\/a><\/h2>\n      <\/div>\n    <\/div><div class=\"item textalign--center anima__slideup visible\" data-appear-top-offset=\"1200\">\n      <div class=\"fila fila--100\">\n        <div class=\"fila__imagen\"><a href=\"https:\/\/vivesanlucardebarrameda.es\/en\/restaurant\/atrium\/\"><img loading=\"lazy\" decoding=\"async\" width=\"155\" height=\"88\" src=\"https:\/\/vivesanlucardebarrameda.es\/wp-content\/uploads\/2022\/03\/gogo_atrium155-1.png\" class=\"destacado-imagen wp-post-image\" alt=\"\"><\/a> <\/div>\n      <\/div>\n      <div class=\"fila fila--100 fila__titulo\">\n        <h2><a href=\"https:\/\/vivesanlucardebarrameda.es\/en\/restaurant\/atrium\/\"><img decoding=\"async\" src=\"https:\/\/vivesanlucardebarrameda.es\/wp-content\/themes\/hello-elementor-child\/assets\/images\/icono-ver.svg\" width=\"19\" height=\"16\" border=\"0\">ATRIUM<\/a><\/h2>\n      <\/div>\n    <\/div><div class=\"item textalign--center anima__slideup visible\" data-appear-top-offset=\"1200\">\n      <div class=\"fila fila--100\">\n        <div class=\"fila__imagen\"><a href=\"https:\/\/vivesanlucardebarrameda.es\/en\/restaurant\/momentos\/\"><img loading=\"lazy\" decoding=\"async\" width=\"155\" height=\"88\" src=\"https:\/\/vivesanlucardebarrameda.es\/wp-content\/uploads\/2022\/03\/momentos.jpg\" class=\"destacado-imagen wp-post-image\" alt=\"\"><\/a> <\/div>\n      <\/div>\n      <div class=\"fila fila--100 fila__titulo\">\n        <h2><a href=\"https:\/\/vivesanlucardebarrameda.es\/en\/restaurant\/momentos\/\"><img decoding=\"async\" src=\"https:\/\/vivesanlucardebarrameda.es\/wp-content\/themes\/hello-elementor-child\/assets\/images\/icono-ver.svg\" width=\"19\" height=\"16\" border=\"0\">MOMENTOS<\/a><\/h2>\n      <\/div>\n    <\/div><div class=\"item textalign--center anima__slideup visible\" data-appear-top-offset=\"1200\">\n      <div class=\"fila fila--100\">\n        <div class=\"fila__imagen\"><a href=\"https:\/\/vivesanlucardebarrameda.es\/en\/restaurant\/las-palomas\/\"><img loading=\"lazy\" decoding=\"async\" width=\"155\" height=\"88\" src=\"https:\/\/vivesanlucardebarrameda.es\/wp-content\/uploads\/2022\/05\/logo155-2.jpg\" class=\"destacado-imagen wp-post-image\" alt=\"\"><\/a> <\/div>\n      <\/div>\n      <div class=\"fila fila--100 fila__titulo\">\n        <h2><a href=\"https:\/\/vivesanlucardebarrameda.es\/en\/restaurant\/las-palomas\/\"><img decoding=\"async\" src=\"https:\/\/vivesanlucardebarrameda.es\/wp-content\/themes\/hello-elementor-child\/assets\/images\/icono-ver.svg\" width=\"19\" height=\"16\" border=\"0\">LAS PALOMAS<\/a><\/h2>\n      <\/div>\n    <\/div><div class=\"item textalign--center anima__slideup visible\" data-appear-top-offset=\"1200\">\n      <div class=\"fila fila--100\">\n        <div class=\"fila__imagen\"><a href=\"https:\/\/vivesanlucardebarrameda.es\/en\/restaurant\/latasquitatapas\/\"><img loading=\"lazy\" decoding=\"async\" width=\"155\" height=\"88\" src=\"https:\/\/vivesanlucardebarrameda.es\/wp-content\/uploads\/2022\/03\/logo_tasquitatapas.jpg\" class=\"destacado-imagen wp-post-image\" alt=\"\"><\/a> <\/div>\n      <\/div>\n      <div class=\"fila fila--100 fila__titulo\">\n        <h2><a href=\"https:\/\/vivesanlucardebarrameda.es\/en\/restaurant\/latasquitatapas\/\"><img decoding=\"async\" src=\"https:\/\/vivesanlucardebarrameda.es\/wp-content\/themes\/hello-elementor-child\/assets\/images\/icono-ver.svg\" width=\"19\" height=\"16\" border=\"0\">La Tasquita Tapas<\/a><\/h2>\n      <\/div>\n    <\/div><div class=\"item textalign--center anima__slideup visible\" data-appear-top-offset=\"1200\">\n      <div class=\"fila fila--100\">\n        <div class=\"fila__imagen\"><a href=\"https:\/\/vivesanlucardebarrameda.es\/en\/restaurant\/taberna-barbarroja\/\"><img loading=\"lazy\" decoding=\"async\" width=\"155\" height=\"88\" src=\"https:\/\/vivesanlucardebarrameda.es\/wp-content\/uploads\/2022\/11\/logo158.jpg\" class=\"destacado-imagen wp-post-image\" alt=\"\"><\/a> <\/div>\n      <\/div>\n      <div class=\"fila fila--100 fila__titulo\">\n        <h2><a href=\"https:\/\/vivesanlucardebarrameda.es\/en\/restaurant\/taberna-barbarroja\/\"><img decoding=\"async\" src=\"https:\/\/vivesanlucardebarrameda.es\/wp-content\/themes\/hello-elementor-child\/assets\/images\/icono-ver.svg\" width=\"19\" height=\"16\" border=\"0\">TABERNA BARBARROJA<\/a><\/h2>\n      <\/div>\n    <\/div><\/div>\n  <div class=\"paginacion paginacion--mas centrado\"> <\/div>\n<\/div><\/div>\n\t\t\t\t<\/div>\n\t\t\t\t<\/div>\n\t\t\t\t\t<\/div>\n\t\t<\/div>\n\t\t\t\t\t<\/div>\n\t\t<\/section>\n\t\t\t\t<\/div>\n\t\t","protected":false},"excerpt":{"rendered":"<p>Categor\u00edas<\/p>\n","protected":false},"author":1,"featured_media":0,"parent":0,"menu_order":0,"comment_status":"closed","ping_status":"closed","template":"elementor_header_footer","meta":{"_acf_changed":false,"footnotes":""},"class_list":["post-1186","page","type-page","status-publish","hentry"],"acf":[],"yoast_head":"<!-- This site is optimized with the Yoast SEO plugin v22.6 - https:\/\/yoast.com\/wordpress\/plugins\/seo\/ -->\n<title>RESTAURANTS\u2013VIVE Sanl\u00facar de Barrameda<\/title>\n<meta name=\"description\" content=\"Discover the restaurants of Sanl\u00facar de Barrameda, here you will find information to eat in Sanl\u00facar de Barrameda: typical dishes, signature dishes, menus...\" \/>\n<meta name=\"robots\" content=\"index, follow, max-snippet:-1, max-image-preview:large, max-video-preview:-1\" \/>\n<link rel=\"canonical\" href=\"https:\/\/vivesanlucardebarrameda.es\/en\/restaurants\/\" \/>\n<meta property=\"og:locale\" content=\"en_US\" \/>\n<meta property=\"og:type\" content=\"article\" \/>\n<meta property=\"og:title\" content=\"RESTAURANTS\u2013VIVE Sanl\u00facar de Barrameda\" \/>\n<meta property=\"og:description\" content=\"Discover the restaurants of Sanl\u00facar de Barrameda, here you will find information to eat in Sanl\u00facar de Barrameda: typical dishes, signature dishes, menus...\" \/>\n<meta property=\"og:url\" content=\"https:\/\/vivesanlucardebarrameda.es\/en\/restaurants\/\" \/>\n<meta property=\"og:site_name\" content=\"VIVE Sanl\u00facar de Barrameda\" \/>\n<meta property=\"article:modified_time\" content=\"2023-05-03T17:37:53+00:00\" \/>\n<meta name=\"twitter:card\" content=\"summary_large_image\" \/>\n<script type=\"application\/ld+json\" class=\"yoast-schema-graph\">{\"@context\":\"https:\/\/schema.org\",\"@graph\":[{\"@type\":\"WebPage\",\"@id\":\"https:\/\/vivesanlucardebarrameda.es\/en\/restaurants\/\",\"url\":\"https:\/\/vivesanlucardebarrameda.es\/en\/restaurants\/\",\"name\":\"RESTAURANTS\u2013VIVE Sanl\u00facar de Barrameda\",\"isPartOf\":{\"@id\":\"https:\/\/vivesanlucardebarrameda.es\/#website\"},\"datePublished\":\"2022-03-28T11:57:16+00:00\",\"dateModified\":\"2023-05-03T17:37:53+00:00\",\"description\":\"Discover the restaurants of Sanl\u00facar de Barrameda, here you will find information to eat in Sanl\u00facar de Barrameda: typical dishes, signature dishes, menus...\",\"breadcrumb\":{\"@id\":\"https:\/\/vivesanlucardebarrameda.es\/en\/restaurants\/#breadcrumb\"},\"inLanguage\":\"en-US\",\"potentialAction\":[{\"@type\":\"ReadAction\",\"target\":[\"https:\/\/vivesanlucardebarrameda.es\/en\/restaurants\/\"]}]},{\"@type\":\"BreadcrumbList\",\"@id\":\"https:\/\/vivesanlucardebarrameda.es\/en\/restaurants\/#breadcrumb\",\"itemListElement\":[{\"@type\":\"ListItem\",\"position\":1,\"name\":\"Portada\",\"item\":\"https:\/\/vivesanlucardebarrameda.es\/en\/\"},{\"@type\":\"ListItem\",\"position\":2,\"name\":\"Restaurantes\"}]},{\"@type\":\"WebSite\",\"@id\":\"https:\/\/vivesanlucardebarrameda.es\/#website\",\"url\":\"https:\/\/vivesanlucardebarrameda.es\/\",\"name\":\"VIVE Sanl\u00facar de Barrameda\",\"description\":\"Restaurantes, eventos, ...\",\"publisher\":{\"@id\":\"https:\/\/vivesanlucardebarrameda.es\/#organization\"},\"potentialAction\":[{\"@type\":\"SearchAction\",\"target\":{\"@type\":\"EntryPoint\",\"urlTemplate\":\"https:\/\/vivesanlucardebarrameda.es\/?s={search_term_string}\"},\"query-input\":\"required name=search_term_string\"}],\"inLanguage\":\"en-US\"},{\"@type\":\"Organization\",\"@id\":\"https:\/\/vivesanlucardebarrameda.es\/#organization\",\"name\":\"VIVE Sanl\u00facar de Barrameda\",\"url\":\"https:\/\/vivesanlucardebarrameda.es\/\",\"logo\":{\"@type\":\"ImageObject\",\"inLanguage\":\"en-US\",\"@id\":\"https:\/\/vivesanlucardebarrameda.es\/#\/schema\/logo\/image\/\",\"url\":\"https:\/\/vivesanlucardebarrameda.es\/wp-content\/uploads\/2023\/02\/cropped-logo_header.jpg\",\"contentUrl\":\"https:\/\/vivesanlucardebarrameda.es\/wp-content\/uploads\/2023\/02\/cropped-logo_header.jpg\",\"width\":534,\"height\":482,\"caption\":\"VIVE Sanl\u00facar de Barrameda\"},\"image\":{\"@id\":\"https:\/\/vivesanlucardebarrameda.es\/#\/schema\/logo\/image\/\"}}]}<\/script>\n<!-- \/ Yoast SEO plugin. -->","yoast_head_json":{"title":"RESTAURANTS\u2013VIVE Sanl\u00facar de Barrameda","description":"Discover the restaurants of Sanl\u00facar de Barrameda, here you will find information to eat in Sanl\u00facar de Barrameda: typical dishes, signature dishes, menus...","robots":{"index":"index","follow":"follow","max-snippet":"max-snippet:-1","max-image-preview":"max-image-preview:large","max-video-preview":"max-video-preview:-1"},"canonical":"https:\/\/vivesanlucardebarrameda.es\/en\/restaurants\/","og_locale":"en_US","og_type":"article","og_title":"RESTAURANTS\u2013VIVE Sanl\u00facar de Barrameda","og_description":"Discover the restaurants of Sanl\u00facar de Barrameda, here you will find information to eat in Sanl\u00facar de Barrameda: typical dishes, signature dishes, menus...","og_url":"https:\/\/vivesanlucardebarrameda.es\/en\/restaurants\/","og_site_name":"VIVE Sanl\u00facar de Barrameda","article_modified_time":"2023-05-03T17:37:53+00:00","twitter_card":"summary_large_image","schema":{"@context":"https:\/\/schema.org","@graph":[{"@type":"WebPage","@id":"https:\/\/vivesanlucardebarrameda.es\/en\/restaurants\/","url":"https:\/\/vivesanlucardebarrameda.es\/en\/restaurants\/","name":"RESTAURANTS\u2013VIVE Sanl\u00facar de Barrameda","isPartOf":{"@id":"https:\/\/vivesanlucardebarrameda.es\/#website"},"datePublished":"2022-03-28T11:57:16+00:00","dateModified":"2023-05-03T17:37:53+00:00","description":"Discover the restaurants of Sanl\u00facar de Barrameda, here you will find information to eat in Sanl\u00facar de Barrameda: typical dishes, signature dishes, menus...","breadcrumb":{"@id":"https:\/\/vivesanlucardebarrameda.es\/en\/restaurants\/#breadcrumb"},"inLanguage":"en-US","potentialAction":[{"@type":"ReadAction","target":["https:\/\/vivesanlucardebarrameda.es\/en\/restaurants\/"]}]},{"@type":"BreadcrumbList","@id":"https:\/\/vivesanlucardebarrameda.es\/en\/restaurants\/#breadcrumb","itemListElement":[{"@type":"ListItem","position":1,"name":"Portada","item":"https:\/\/vivesanlucardebarrameda.es\/en\/"},{"@type":"ListItem","position":2,"name":"Restaurantes"}]},{"@type":"WebSite","@id":"https:\/\/vivesanlucardebarrameda.es\/#website","url":"https:\/\/vivesanlucardebarrameda.es\/","name":"VIVE Sanl\u00facar de Barrameda","description":"Restaurantes, eventos, ...","publisher":{"@id":"https:\/\/vivesanlucardebarrameda.es\/#organization"},"potentialAction":[{"@type":"SearchAction","target":{"@type":"EntryPoint","urlTemplate":"https:\/\/vivesanlucardebarrameda.es\/?s={search_term_string}"},"query-input":"required name=search_term_string"}],"inLanguage":"en-US"},{"@type":"Organization","@id":"https:\/\/vivesanlucardebarrameda.es\/#organization","name":"VIVE Sanl\u00facar de Barrameda","url":"https:\/\/vivesanlucardebarrameda.es\/","logo":{"@type":"ImageObject","inLanguage":"en-US","@id":"https:\/\/vivesanlucardebarrameda.es\/#\/schema\/logo\/image\/","url":"https:\/\/vivesanlucardebarrameda.es\/wp-content\/uploads\/2023\/02\/cropped-logo_header.jpg","contentUrl":"https:\/\/vivesanlucardebarrameda.es\/wp-content\/uploads\/2023\/02\/cropped-logo_header.jpg","width":534,"height":482,"caption":"VIVE Sanl\u00facar de Barrameda"},"image":{"@id":"https:\/\/vivesanlucardebarrameda.es\/#\/schema\/logo\/image\/"}}]}},"_links":{"self":[{"href":"https:\/\/vivesanlucardebarrameda.es\/en\/wp-json\/wp\/v2\/pages\/1186","targetHints":{"allow":["GET"]}}],"collection":[{"href":"https:\/\/vivesanlucardebarrameda.es\/en\/wp-json\/wp\/v2\/pages"}],"about":[{"href":"https:\/\/vivesanlucardebarrameda.es\/en\/wp-json\/wp\/v2\/types\/page"}],"author":[{"embeddable":true,"href":"https:\/\/vivesanlucardebarrameda.es\/en\/wp-json\/wp\/v2\/users\/1"}],"replies":[{"embeddable":true,"href":"https:\/\/vivesanlucardebarrameda.es\/en\/wp-json\/wp\/v2\/comments?post=1186"}],"version-history":[{"count":6,"href":"https:\/\/vivesanlucardebarrameda.es\/en\/wp-json\/wp\/v2\/pages\/1186\/revisions"}],"predecessor-version":[{"id":6907,"href":"https:\/\/vivesanlucardebarrameda.es\/en\/wp-json\/wp\/v2\/pages\/1186\/revisions\/6907"}],"wp:attachment":[{"href":"https:\/\/vivesanlucardebarrameda.es\/en\/wp-json\/wp\/v2\/media?parent=1186"}],"curies":[{"name":"wp","href":"https:\/\/api.w.org\/{rel}","templated":true}]}}